{"id":13048,"date":"2023-10-30T19:28:15","date_gmt":"2023-10-30T18:28:15","guid":{"rendered":"https:\/\/yahyaouishop.com\/index.php\/product\/aputure-f10-fresnel\/"},"modified":"2025-10-01T01:05:26","modified_gmt":"2025-10-01T00:05:26","slug":"aputure-f10-fresnel","status":"publish","type":"product","link":"https:\/\/yahyaouishop.com\/fr\/produit\/aputure-f10-fresnel\/","title":{"rendered":"Aputure F10 Fresnel"},"content":{"rendered":"<p>L&#8217;Aputure F10 Fresnel r\u00e9volutionne les luminaires modulaires Bowens Mount avec son design innovant de Fresnel de 10 pouces. Dot\u00e9 d&#8217;un Fresnel en verre large de 250 mm (9,84 pouces), cet accessoire intensifie consid\u00e9rablement la sortie des LEDs \u00e0 source ponctuelle, tout en offrant une qualit\u00e9 de lumi\u00e8re comparable \u00e0 celle des projecteurs Tungsten 5K ou Studio 2K. Le F10 utilise un syst\u00e8me optique \u00e0 deux \u00e9tages pour maximiser l&#8217;efficacit\u00e9 lumineuse, assurant des r\u00e9sultats exceptionnels pour les professionnels de l&#8217;\u00e9clairage. Son angle de faisceau variable de 15 \u00b0 \u00e0 45 \u00b0 est ajustable via une conception de mise au point h\u00e9lico\u00efdale ergonomique, offrant une pr\u00e9cision optimale sans besoin de boutons suppl\u00e9mentaires.<\/p>\n<p><strong>Points cl\u00e9s de l&#8217;Aputure F10 Fresnel :<\/strong><\/p>\n<ol>\n<li><strong>Premier Fresnel standard de 10 pouces pour Bowens Mount<\/strong><\/li>\n<li><strong>Fresnel en verre large de 250 mm (9,84 pouces)<\/strong><\/li>\n<li><strong>Qualit\u00e9 de lumi\u00e8re comparable \u00e0 un Tungsten 5K ou Studio 2K<\/strong><\/li>\n<li><strong>Syst\u00e8me optique \u00e0 deux \u00e9tages pour un rendement lumineux maximal<\/strong><\/li>\n<li><strong>Angle de faisceau variable de 15 \u00b0 \u00e0 45 \u00b0 avec mise au point h\u00e9lico\u00efdale<\/strong><\/li>\n<\/ol>\n<p>Id\u00e9al pour les professionnels recherchant une solution polyvalente et efficace pour l&#8217;\u00e9clairage, l&#8217;Aputure F10 Fresnel garantit des performances de pointe et une manipulation intuitive.<\/p>\n<p>&nbsp;<\/p>\n<p>&nbsp;<\/p>","protected":false},"excerpt":{"rendered":"<p>L&#8217;<strong>Aputure F10 Fresnel<\/strong> est le premier Fresnel standard de 10 pouces pour les luminaires Bowens Mount, r\u00e9volutionnant l&#8217;\u00e9clairage LED avec un Fresnel en verre large de 250 mm. Offrant une qualit\u00e9 de lumi\u00e8re comparable \u00e0 un Tungsten 5K ou Studio 2K, il utilise un syst\u00e8me optique \u00e0 deux \u00e9tages pour maximiser l&#8217;efficacit\u00e9 lumineuse. Son angle de faisceau de 15 \u00b0 \u00e0 45 \u00b0 est facilement ajustable gr\u00e2ce \u00e0 une conception de mise au point h\u00e9lico\u00efdale ergonomique, simplifiant ainsi l&#8217;adaptation des conditions d&#8217;\u00e9clairage sans n\u00e9cessiter de commandes suppl\u00e9mentaires.<\/p>","protected":false},"featured_media":16600,"comment_status":"open","ping_status":"closed","template":"","meta":[],"product_brand":[461],"product_cat":[194,166],"product_tag":[227],"class_list":{"0":"post-13048","1":"product","2":"type-product","3":"status-publish","4":"has-post-thumbnail","6":"product_brand-aputure","7":"product_cat-torches-video","8":"product_cat-eclairages-et-studio","9":"product_tag-brand-aputure","11":"first","12":"instock","13":"sale","14":"taxable","15":"shipping-taxable","16":"purchasable","17":"product-type-simple"},"jetpack_sharing_enabled":true,"_links":{"self":[{"href":"https:\/\/yahyaouishop.com\/fr\/wp-json\/wp\/v2\/product\/13048","targetHints":{"allow":["GET"]}}],"collection":[{"href":"https:\/\/yahyaouishop.com\/fr\/wp-json\/wp\/v2\/product"}],"about":[{"href":"https:\/\/yahyaouishop.com\/fr\/wp-json\/wp\/v2\/types\/product"}],"replies":[{"embeddable":true,"href":"https:\/\/yahyaouishop.com\/fr\/wp-json\/wp\/v2\/comments?post=13048"}],"version-history":[{"count":3,"href":"https:\/\/yahyaouishop.com\/fr\/wp-json\/wp\/v2\/product\/13048\/revisions"}],"predecessor-version":[{"id":19355,"href":"https:\/\/yahyaouishop.com\/fr\/wp-json\/wp\/v2\/product\/13048\/revisions\/19355"}],"wp:featuredmedia":[{"embeddable":true,"href":"https:\/\/yahyaouishop.com\/fr\/wp-json\/wp\/v2\/media\/16600"}],"wp:attachment":[{"href":"https:\/\/yahyaouishop.com\/fr\/wp-json\/wp\/v2\/media?parent=13048"}],"wp:term":[{"taxonomy":"product_brand","embeddable":true,"href":"https:\/\/yahyaouishop.com\/fr\/wp-json\/wp\/v2\/product_brand?post=13048"},{"taxonomy":"product_cat","embeddable":true,"href":"https:\/\/yahyaouishop.com\/fr\/wp-json\/wp\/v2\/product_cat?post=13048"},{"taxonomy":"product_tag","embeddable":true,"href":"https:\/\/yahyaouishop.com\/fr\/wp-json\/wp\/v2\/product_tag?post=13048"}],"curies":[{"name":"wp","href":"https:\/\/api.w.org\/{rel}","templated":true}]}}