{"id":13045,"date":"2023-10-30T19:28:14","date_gmt":"2023-10-30T18:28:14","guid":{"rendered":"https:\/\/yahyaouishop.com\/index.php\/product\/aputure-accent-b7c-8-light-kit\/"},"modified":"2026-02-24T12:00:29","modified_gmt":"2026-02-24T12:00:29","slug":"aputure-accent-b7c-8-light-kit","status":"publish","type":"product","link":"https:\/\/yahyaouishop.com\/fr\/produit\/aputure-accent-b7c-8-light-kit\/","title":{"rendered":"Aputure Accent B7c 8-Light Kit"},"content":{"rendered":"<div class=\"flex flex-grow flex-col max-w-full\">\n<div class=\"min-h-[20px] text-message flex flex-col items-start whitespace-pre-wrap break-words [.text-message+&amp;]:mt-5 juice:w-full juice:items-end overflow-x-auto gap-2\" dir=\"auto\" data-message-author-role=\"assistant\" data-message-id=\"b0d56611-35b0-4541-85ae-b7e836478f99\">\n<div class=\"flex w-full flex-col gap-1 juice:empty:hidden juice:first:pt-[3px]\">\n<div class=\"markdown prose w-full break-words dark:prose-invert light\">\n<p>Le <strong>Aputure Accent B7c 8-Light Kit<\/strong> est une solution r\u00e9volutionnaire pour les cin\u00e9astes, offrant une flexibilit\u00e9 et une qualit\u00e9 d&#8217;\u00e9clairage in\u00e9gal\u00e9es. L&#8217;Accent B7c est la seule ampoule intelligente LED \u00e0 m\u00e9lange de couleurs RGBWW con\u00e7ue sp\u00e9cifiquement pour les professionnels du cin\u00e9ma. Dot\u00e9e d&#8217;une batterie int\u00e9gr\u00e9e, cette ampoule innovante offre une gamme de temp\u00e9ratures de couleur (CCT) allant de 2000 K \u00e0 10000 K, avec des scores CRI\/TLCI de 95+ et un score SSI (Tungst\u00e8ne) de 85. Le <strong>Aputure Accent B7c 8-Light Kit<\/strong> permet une int\u00e9gration naturelle et programmable du m\u00e9lange de couleurs dans n&#8217;importe quelle sc\u00e8ne, rendant l&#8217;\u00e9clairage pratique et cr\u00e9atif.<\/p>\n<p>Le kit de charge \u00e0 8 lumi\u00e8res du <strong>Aputure Accent B7c 8-Light Kit<\/strong> est con\u00e7u pour r\u00e9pondre aux besoins des cin\u00e9astes ind\u00e9pendants, des propri\u00e9taires-exploitants et des maisons de location. Il comprend un \u00e9tui rigide durable capable de stocker, prot\u00e9ger et charger simultan\u00e9ment jusqu&#8217;\u00e0 huit ampoules B7c. La conception push-pull de l&#8217;\u00e9tui et les couvercles de prise assurent une protection contre les chocs involontaires, garantissant une utilisation s\u00fbre et facile.<\/p>\n<p>L&#8217;Accent B7c se distingue comme la premi\u00e8re ampoule intelligente \u00e0 m\u00e9lange de couleurs sur le march\u00e9. Gr\u00e2ce \u00e0 la configuration LED RGBWW unique d&#8217;Aputure, l&#8217;Accent B7c peut produire plus de 90 % de couleurs satur\u00e9es dans l&#8217;espace colorim\u00e9trique Rec.2020. La fonction SourceMatch de l&#8217;application Sidus Link permet \u00e0 l&#8217;ampoule de correspondre \u00e0 presque toutes les sources de lumi\u00e8re blanche, offrant une flexibilit\u00e9 exceptionnelle pour les cin\u00e9astes.<\/p>\n<p>L&#8217;<strong>Aputure Accent B7c 8-Light Kit<\/strong> innove \u00e9galement avec sa conception unique, int\u00e9grant \u00e0 la fois des boutons de commande et une batterie interne, permettant un basculement facile entre les pr\u00e9r\u00e9glages CCT et le r\u00e9glage de la luminosit\u00e9. La batterie lithium-polym\u00e8re int\u00e9gr\u00e9e offre plus de 70 minutes d&#8217;autonomie \u00e0 sortie maximale, rendant l&#8217;Accent B7c extr\u00eamement polyvalent et pratique dans toutes les situations de tournage.<\/p>\n<p><strong>CARACT\u00c9RISTIQUES PRINCIPALES:<\/strong><\/p>\n<ul>\n<li>\u00c9tui de charge rigide pour stocker et charger jusqu&#8217;\u00e0 8 ampoules Accent B7c simultan\u00e9ment.<\/li>\n<li>Ampoule intelligente \u00e0 DEL RGBWW de 7 W<\/li>\n<li>Douille d&#8217;ampoule standard E26\/E27<\/li>\n<li>Batterie lithium-polym\u00e8re int\u00e9gr\u00e9e (plus de 70 min. @ sortie max.)<\/li>\n<li>CCT enti\u00e8rement r\u00e9glable de 2000 K \u00e0 10000 K<\/li>\n<li>IRC : 95+, TLCI : 96+, SSI (tungst\u00e8ne) : 85, SSI (D55) : 74<\/li>\n<li>Accordabilit\u00e9 des couleurs RVB avec commandes HSI<\/li>\n<li>Gradation en continu de 0 \u00e0 100 % sans changement de couleur<\/li>\n<li>9 effets d&#8217;\u00e9clairage int\u00e9gr\u00e9s<\/li>\n<li>Compatible avec l&#8217;application Sidus Link<\/li>\n<li>Deux modes d&#8217;alimentation : mode standard\/AC et mode batterie\/DC<\/li>\n<\/ul>\n<p>En conclusion, le <strong>Aputure Accent B7c 8-Light Kit<\/strong> est une solution d&#8217;\u00e9clairage exceptionnelle pour les professionnels du cin\u00e9ma, offrant une qualit\u00e9 d&#8217;\u00e9clairage sup\u00e9rieure, une flexibilit\u00e9 in\u00e9gal\u00e9e et une facilit\u00e9 d&#8217;utilisation. Que vous soyez un cin\u00e9aste ind\u00e9pendant ou un propri\u00e9taire-exploitant, ce kit est con\u00e7u pour r\u00e9pondre \u00e0 vos besoins d&#8217;\u00e9clairage les plus exigeants, tout en assurant une performance fiable et durable.<\/p>\n<p>&nbsp;<\/p>\n<\/div>\n<\/div>\n<\/div>\n<\/div>\n<div class=\"mt-1 flex gap-3 empty:hidden juice:-ml-3\">\n<div class=\"items-center justify-start rounded-xl p-1 flex\">\n<div class=\"flex items-center\"><\/div>\n<\/div>\n<\/div>","protected":false},"excerpt":{"rendered":"<p>Le <strong>Aputure Accent B7c 8-Light Kit<\/strong> est un kit d&#8217;\u00e9clairage professionnel pour les cin\u00e9astes, comprenant huit ampoules LED RGBWW avec batterie int\u00e9gr\u00e9e. Offrant une gamme CCT de 2000 K \u00e0 10000 K et des scores CRI\/TLCI de 95+, ces ampoules garantissent une qualit\u00e9 d&#8217;\u00e9clairage exceptionnelle. Le kit inclut un \u00e9tui rigide pour stocker et charger simultan\u00e9ment les ampoules, avec une conception push-pull s\u00e9curis\u00e9e. Compatible avec l&#8217;application Sidus Link, l&#8217;Accent B7c permet un contr\u00f4le facile des couleurs et de la luminosit\u00e9, rendant ce kit indispensable pour toute production cin\u00e9matographique.<\/p>","protected":false},"featured_media":13130,"comment_status":"open","ping_status":"closed","template":"","meta":[],"product_brand":[461],"product_cat":[142,166],"product_tag":[227],"class_list":{"0":"post-13045","1":"product","2":"type-product","3":"status-publish","4":"has-post-thumbnail","6":"product_brand-aputure","7":"product_cat-eclairages-continues","8":"product_cat-eclairages-et-studio","9":"product_tag-brand-aputure","11":"first","12":"instock","13":"taxable","14":"shipping-taxable","15":"purchasable","16":"product-type-simple"},"jetpack_sharing_enabled":true,"_links":{"self":[{"href":"https:\/\/yahyaouishop.com\/fr\/wp-json\/wp\/v2\/product\/13045","targetHints":{"allow":["GET"]}}],"collection":[{"href":"https:\/\/yahyaouishop.com\/fr\/wp-json\/wp\/v2\/product"}],"about":[{"href":"https:\/\/yahyaouishop.com\/fr\/wp-json\/wp\/v2\/types\/product"}],"replies":[{"embeddable":true,"href":"https:\/\/yahyaouishop.com\/fr\/wp-json\/wp\/v2\/comments?post=13045"}],"version-history":[{"count":3,"href":"https:\/\/yahyaouishop.com\/fr\/wp-json\/wp\/v2\/product\/13045\/revisions"}],"predecessor-version":[{"id":19244,"href":"https:\/\/yahyaouishop.com\/fr\/wp-json\/wp\/v2\/product\/13045\/revisions\/19244"}],"wp:featuredmedia":[{"embeddable":true,"href":"https:\/\/yahyaouishop.com\/fr\/wp-json\/wp\/v2\/media\/13130"}],"wp:attachment":[{"href":"https:\/\/yahyaouishop.com\/fr\/wp-json\/wp\/v2\/media?parent=13045"}],"wp:term":[{"taxonomy":"product_brand","embeddable":true,"href":"https:\/\/yahyaouishop.com\/fr\/wp-json\/wp\/v2\/product_brand?post=13045"},{"taxonomy":"product_cat","embeddable":true,"href":"https:\/\/yahyaouishop.com\/fr\/wp-json\/wp\/v2\/product_cat?post=13045"},{"taxonomy":"product_tag","embeddable":true,"href":"https:\/\/yahyaouishop.com\/fr\/wp-json\/wp\/v2\/product_tag?post=13045"}],"curies":[{"name":"wp","href":"https:\/\/api.w.org\/{rel}","templated":true}]}}