{"id":19951,"date":"2024-08-07T12:45:39","date_gmt":"2024-08-07T11:45:39","guid":{"rendered":"https:\/\/yahyaouishop.com\/?page_id=19951"},"modified":"2024-08-07T12:55:14","modified_gmt":"2024-08-07T11:55:14","slug":"yahyaoui-location","status":"publish","type":"page","link":"https:\/\/yahyaouishop.com\/fr\/yahyaoui-location\/","title":{"rendered":"YAHYAOUI LOCATION"},"content":{"rendered":"<div data-elementor-type=\"wp-page\" data-elementor-id=\"19951\" class=\"elementor elementor-19951\" data-elementor-post-type=\"page\">\n\t\t\t\t<div class=\"wd-negative-gap elementor-element elementor-element-35ecd2c e-flex e-con-boxed e-con e-parent\" data-id=\"35ecd2c\" data-element_type=\"container\" data-e-type=\"container\">\n\t\t\t\t\t<div class=\"e-con-inner\">\n\t\t\t\t<div class=\"elementor-element elementor-element-59cb804 elementor-widget__width-inherit elementor-widget elementor-widget-wd_banner\" data-id=\"59cb804\" data-element_type=\"widget\" data-e-type=\"widget\" data-widget_type=\"wd_banner.default\">\n\t\t\t\t<div class=\"elementor-widget-container\">\n\t\t\t\t\t\t\t<div class=\"promo-banner-wrapper\">\n\t\t\t<div class=\"promo-banner banner-default banner-hover-none color-scheme-light banner-btn-size-default banner-btn-style-default wd-with-link\">\n\t\t\t\t<div class=\"main-wrapp-img\">\n\t\t\t\t\t<div class=\"banner-image\">\n\t\t\t\t\t\t\t\t\t\t\t\t\t\t\t\t\t\t\t\t\t<img decoding=\"async\" width=\"1000\" height=\"625\" src=\"https:\/\/yahyaouishop.com\/wp-content\/uploads\/2024\/01\/3.png\" class=\"attachment-full size-full has-transparency\" alt=\"Location Studio Casablanca - Yahyaoui Shop\" srcset=\"https:\/\/yahyaouishop.com\/wp-content\/uploads\/2024\/01\/3.png 1000w, https:\/\/yahyaouishop.com\/wp-content\/uploads\/2024\/01\/3-300x188.png 300w, https:\/\/yahyaouishop.com\/wp-content\/uploads\/2024\/01\/3-1024x640.png 1024w, https:\/\/yahyaouishop.com\/wp-content\/uploads\/2024\/01\/3-768x480.png 768w, https:\/\/yahyaouishop.com\/wp-content\/uploads\/2024\/01\/3-1536x960.png 1536w, https:\/\/yahyaouishop.com\/wp-content\/uploads\/2024\/01\/3-18x12.png 18w, https:\/\/yahyaouishop.com\/wp-content\/uploads\/2024\/01\/3-1200x750.png 1200w, https:\/\/yahyaouishop.com\/wp-content\/uploads\/2024\/01\/3-150x94.png 150w\" sizes=\"(max-width: 1000px) 100vw, 1000px\" data-has-transparency=\"true\" data-dominant-color=\"96968d\" style=\"--dominant-color: #96968d;\" title=\"\">\t\t\t\t\t\t\t\t\t\t\t\t\t\t\t\t\t\t<\/div>\n\t\t\t\t<\/div>\n\n\t\t\t\t<div class=\"wrapper-content-banner wd-fill wd-items-bottom wd-justify-left\">\n\t\t\t\t\t<div class=\"content-banner  text-left\">\n\t\t\t\t\t\t\t\t\t\t\t\t\t\n\t\t\t\t\t\t\t<div class=\"banner-subtitle subtitle-style-default subtitle-color-default wd-fontsize-xs\" data-elementor-setting-key=\"subtitle\">\n\t\t\t\t\t\t\t\t21 Bis, Rue Les Acacias Quartier Burger Maarif extention - Casablanca\t\t\t\t\t\t\t<\/div>\n\t\t\t\t\t\t\n\t\t\t\t\t\t\t\t\t\t\t\t\t<h4 class=\"banner-title wd-fontsize-l\" data-elementor-setting-key=\"title\">\n\t\t\t\t\t\t\t\tYAHYAOUI STUDIO\t\t\t\t\t\t\t<\/h4>\n\t\t\t\t\t\t\n\t\t\t\t\t\t\n\t\t\t\t\t\t\n\t\t\t\t\t\t\t\t\t\t\t<\/div>\n\t\t\t\t<\/div>\n\n\t\t\t\t\t\t\t\t\t<a href=\"#\" class=\"wd-promo-banner-link wd-fill\" aria-label=\"Banner link\"><\/a>\n\t\t\t\t\t\t\t<\/div>\n\t\t<\/div>\n\t\t\t\t\t\t<\/div>\n\t\t\t\t<\/div>\n\t\t\t\t\t<\/div>\n\t\t\t\t<\/div>\n\t\t<div class=\"wd-negative-gap elementor-element elementor-element-cde77d7 e-flex e-con-boxed e-con e-parent\" data-id=\"cde77d7\" data-element_type=\"container\" data-e-type=\"container\">\n\t\t\t\t\t<div class=\"e-con-inner\">\n\t\t<div class=\"elementor-element elementor-element-b0dbf9e e-con-full e-flex e-con e-child\" data-id=\"b0dbf9e\" data-element_type=\"container\" data-e-type=\"container\">\n\t\t\t\t<div class=\"elementor-element elementor-element-a71e7e8 wd-width-100 elementor-widget elementor-widget-wd_title\" data-id=\"a71e7e8\" data-element_type=\"widget\" data-e-type=\"widget\" data-widget_type=\"wd_title.default\">\n\t\t\t\t<div class=\"elementor-widget-container\">\n\t\t\t\t\t\t\t<div class=\"title-wrapper wd-set-mb reset-last-child wd-title-color-default wd-title-style-default wd-title-size-default text-left\">\n\n\t\t\t\n\t\t\t<div class=\"liner-continer\">\n\t\t\t\t<h4 class=\"woodmart-title-container title wd-fontsize-l\">Conditions de Service<\/h4> \n\t\t\t\t\t\t\t<\/div>\n\n\t\t\t\t\t<\/div>\n\t\t\t\t\t\t<\/div>\n\t\t\t\t<\/div>\n\t\t\t\t<div class=\"elementor-element elementor-element-50ae396 elementor-widget elementor-widget-wd_text_block\" data-id=\"50ae396\" data-element_type=\"widget\" data-e-type=\"widget\" data-widget_type=\"wd_text_block.default\">\n\t\t\t\t<div class=\"elementor-widget-container\">\n\t\t\t\t\t\t\t<div class=\"wd-text-block reset-last-child text-left\">\n\t\t\t\n\t\t\t<ol><li><strong>\u00a0<\/strong><strong>Pi\u00e8ce d'Identit\u00e9 Obligatoire :<\/strong> Pr\u00e9sentez une pi\u00e8ce d'identit\u00e9 valide pour la location.<\/li><li><p><strong>Retour en Bon \u00c9tat :<\/strong> Renvoyez l'\u00e9quipement dans son \u00e9tat initial. Des frais s'appliquent en cas de dommages.<\/p><\/li><li><p><strong>Extensions de Location :<\/strong> Possibles sous r\u00e9serve de disponibilit\u00e9 et \u00e0 convenir avant le retour initial.<\/p><\/li><li><p><strong>D\u00e9p\u00f4t de Garantie :<\/strong> Un d\u00e9p\u00f4t sera retourn\u00e9 au retour de l'\u00e9quipement en bon \u00e9tat.<\/p><\/li><li><p><strong>Responsabilit\u00e9 du Locataire :<\/strong> Usage appropri\u00e9 et pr\u00e9cautions n\u00e9cessaires pour \u00e9viter tout dommage.<\/p><\/li><li><p><strong>Retard de Retour :<\/strong> Des frais seront factur\u00e9s pour chaque jour de retard.<\/p><\/li><li><p><strong>Modification de R\u00e9servation :<\/strong> Sous r\u00e9serve de disponibilit\u00e9, \u00e0 signaler \u00e0 l'avance.<\/p><\/li><li><p><strong>Acceptation des Conditions :<\/strong> En proc\u00e9dant \u00e0 la location, le client accepte toutes les conditions de Yahyaoui Shop.<\/p><\/li><\/ol><h3 class=\"LC20lb MBeuO DKV0Md\">\ud83d\udc49<a href=\"https:\/\/yahyaouishop.com\/fr\/contact\/\"><em><strong><span style=\"color: #1877f2;\">Contactez-nous<\/span><\/strong><\/em><\/a><\/h3>\n\t\t\t\t\t<\/div>\n\t\t\t\t\t\t<\/div>\n\t\t\t\t<\/div>\n\t\t\t\t<div class=\"elementor-element elementor-element-e57fe7b elementor-widget elementor-widget-wd_list\" data-id=\"e57fe7b\" data-element_type=\"widget\" data-e-type=\"widget\" data-widget_type=\"wd_list.default\">\n\t\t\t\t<div class=\"elementor-widget-container\">\n\t\t\t\t\t\t\t<ul class=\"wd-list color-scheme- wd-fontsize-xs wd-type-icon wd-style-default text-left\">\n\t\t\t\t\t\t\t\t\t\t\t<li class=\"elementor-repeater-item-24a14b2\">\n\t\t\t\t\t\t\t\t\t\t\t<span class=\"wd-icon\"><img decoding=\"async\" width=\"36\" height=\"36\" src=\"https:\/\/yahyaouishop.com\/wp-content\/uploads\/2023\/11\/location-36x36.png\" class=\"attachment-36x36 size-36x36\" alt=\"- -\" srcset=\"https:\/\/yahyaouishop.com\/wp-content\/uploads\/2023\/11\/location-36x36.png 36w, https:\/\/yahyaouishop.com\/wp-content\/uploads\/2023\/11\/location-300x300.png 300w, https:\/\/yahyaouishop.com\/wp-content\/uploads\/2023\/11\/location-150x150.png 150w, https:\/\/yahyaouishop.com\/wp-content\/uploads\/2023\/11\/location.png 512w\" sizes=\"(max-width: 36px) 100vw, 36px\" title=\"\"><\/span>\t\t\t\t\t\n\t\t\t\t\t<span class=\"wd-list-content list-content\">\n\t\t\t\t\t\t\t\t\t\t\t\t\t21 Bis, Rue Les Acacias Quartier Burger Maarif extention - Casablanca - MAROC\t\t\t\t\t\t\t\t\t\t\t<\/span>\n\t\t\t\t<\/li>\n\t\t\t\t\t\t\t\t\t\t\t<li class=\"elementor-repeater-item-7343a3e\">\n\t\t\t\t\t\t\t\t\t\t\t<span class=\"wd-icon\"><img decoding=\"async\" width=\"36\" height=\"36\" src=\"https:\/\/yahyaouishop.com\/wp-content\/uploads\/2023\/11\/calling-36x36.png\" class=\"attachment-36x36 size-36x36\" alt=\"- -\" srcset=\"https:\/\/yahyaouishop.com\/wp-content\/uploads\/2023\/11\/calling-36x36.png 36w, https:\/\/yahyaouishop.com\/wp-content\/uploads\/2023\/11\/calling-300x300.png 300w, https:\/\/yahyaouishop.com\/wp-content\/uploads\/2023\/11\/calling-150x150.png 150w, https:\/\/yahyaouishop.com\/wp-content\/uploads\/2023\/11\/calling.png 512w\" sizes=\"(max-width: 36px) 100vw, 36px\" title=\"\"><\/span>\t\t\t\t\t\n\t\t\t\t\t<span class=\"wd-list-content list-content\">\n\t\t\t\t\t\t\t\t\t\t\t\t\t+212 6 895 169 22\t\t\t\t\t\t\t\t\t\t\t<\/span>\n\t\t\t\t<\/li>\n\t\t\t\t\t<\/ul>\n\n\t\t\t\t\t\t<\/div>\n\t\t\t\t<\/div>\n\t\t\t\t<\/div>\n\t\t<div class=\"elementor-element elementor-element-92f5c3d e-con-full e-flex e-con e-child\" data-id=\"92f5c3d\" data-element_type=\"container\" data-e-type=\"container\">\n\t\t\t\t<\/div>\n\t\t\t\t\t<\/div>\n\t\t\t\t<\/div>\n\t\t\t\t<\/div>","protected":false},"excerpt":{"rendered":"<p>21 Bis, Rue Les Acacias Quartier Burger Maarif extention &#8211; Casablanca YAHYAOUI STUDIO Conditions de Service \u00a0Pi\u00e8ce d&#8217;Identit\u00e9 Obligatoire :<\/p>","protected":false},"author":1,"featured_media":0,"parent":0,"menu_order":0,"comment_status":"closed","ping_status":"closed","template":"elementor_header_footer","meta":{"footnotes":""},"class_list":["post-19951","page","type-page","status-publish","hentry"],"jetpack_sharing_enabled":true,"_links":{"self":[{"href":"https:\/\/yahyaouishop.com\/fr\/wp-json\/wp\/v2\/pages\/19951","targetHints":{"allow":["GET"]}}],"collection":[{"href":"https:\/\/yahyaouishop.com\/fr\/wp-json\/wp\/v2\/pages"}],"about":[{"href":"https:\/\/yahyaouishop.com\/fr\/wp-json\/wp\/v2\/types\/page"}],"author":[{"embeddable":true,"href":"https:\/\/yahyaouishop.com\/fr\/wp-json\/wp\/v2\/users\/1"}],"replies":[{"embeddable":true,"href":"https:\/\/yahyaouishop.com\/fr\/wp-json\/wp\/v2\/comments?post=19951"}],"version-history":[{"count":22,"href":"https:\/\/yahyaouishop.com\/fr\/wp-json\/wp\/v2\/pages\/19951\/revisions"}],"predecessor-version":[{"id":19980,"href":"https:\/\/yahyaouishop.com\/fr\/wp-json\/wp\/v2\/pages\/19951\/revisions\/19980"}],"wp:attachment":[{"href":"https:\/\/yahyaouishop.com\/fr\/wp-json\/wp\/v2\/media?parent=19951"}],"curies":[{"name":"wp","href":"https:\/\/api.w.org\/{rel}","templated":true}]}}